{"id":3232,"date":"2022-06-06T17:00:44","date_gmt":"2022-06-06T17:00:44","guid":{"rendered":"https:\/\/benningcc.com\/carreras\/"},"modified":"2023-01-04T20:09:32","modified_gmt":"2023-01-04T20:09:32","slug":"carreras","status":"publish","type":"page","link":"https:\/\/benningcc.com\/es\/carreras\/","title":{"rendered":"Carreras"},"content":{"rendered":"\n<div class=\"header-six\">\n    <div class=\"grid-container\">\n        <div class=\"grid-x grid-padding-x\">\n            <div class=\"small-12 medium-8 large-8 cell\">\n                                    <h1 class=\"header-six__heading\">Construye un futuro fabuloso con Benning<\/h1>\n                            <\/div>\n            <div class=\"small-12 medium-offset-1 medium-1 large-2 large-offset-2 cell\">\n                <div class=\"header-six__pattern-inner\"><\/div>\n            <\/div>\n        <\/div>\n    <\/div>\n    <div class=\"header-six__image-bg\"><\/div>\n    <div class=\"grid-container\">\n        <div class=\"grid-x grid-padding-x\">\n            <div class=\"small-12 small-12 medium-10 large-11 cell header-six__image-cell\">\n                <div class=\"video-preview header-six__video-preview header-six__image\">\n                    <div class=\"button-play-video header-six__button-play-video\"><\/div>\n                    <img loading=\"lazy\" decoding=\"async\" width=\"1920\" height=\"1280\" src=\"https:\/\/benningcc.com\/wp-content\/uploads\/2022\/06\/CF0A0574-1920x1280.jpg\" class=\"header-five__image\" alt=\"\" srcset=\"https:\/\/benningcc.com\/wp-content\/uploads\/2022\/06\/CF0A0574-1920x1280.jpg 1920w, https:\/\/benningcc.com\/wp-content\/uploads\/2022\/06\/CF0A0574-300x200.jpg 300w, https:\/\/benningcc.com\/wp-content\/uploads\/2022\/06\/CF0A0574-1024x683.jpg 1024w, https:\/\/benningcc.com\/wp-content\/uploads\/2022\/06\/CF0A0574-768x512.jpg 768w, https:\/\/benningcc.com\/wp-content\/uploads\/2022\/06\/CF0A0574-1536x1024.jpg 1536w, https:\/\/benningcc.com\/wp-content\/uploads\/2022\/06\/CF0A0574-2048x1365.jpg 2048w, https:\/\/benningcc.com\/wp-content\/uploads\/2022\/06\/CF0A0574-600x400.jpg 600w\" sizes=\"auto, (max-width: 1920px) 100vw, 1920px\" \/>                <\/div>\n                <div class=\"video-popup  media\">\n                    <div class=\"video-popup__close-button\">&times;<\/div>\n                                        <video class=\"video-popup__video\" controls>\n                        <source src=\"https:\/\/benningcclive.wpengine.com\/wp-content\/uploads\/2022\/08\/Benning_Recruitment_1.mp4\" type=\"video\/mp4\" class=\"video-popup__video-file\">\n                    <\/video>\n                                                                            <\/div>\n            <\/div>\n        <\/div>\n    <\/div>\n<\/div>\n\n\n<div class=\"content-fourteen\" >\n    <div class=\"grid-container\">\n        <div class=\"grid-x grid-padding-x\">\n                    <div class=\"small-12 cell medium-6\">\n                                                <a class=\"large-button green content-fourteen__button\" href=\"#anchor_open-positions\" target=\"_self\">Puestos abiertos<\/a>\n                                                                <\/div>\n                                        <div class=\"small-12 cell medium-6 content-fourteen__heading-cell\">\n                        <h3 class=\"content-fourteen__heading font-color-blue\">Somos 100% propiedad de los empleados<\/h3>\n                    <\/div>\n                            <\/div>\n    <\/div>\n<\/div>\n\n\n\n\n<div class=\"content-four\">\n    <div class=\"grid-container\">\n        <div class=\"grid-x grid-padding-x \">\n            <div class=\"small-12 large-5 cell\">\n                <div class=\"content-four__cell-inner content-left\">\n                                            <p>En 2021, Benning Construction pas\u00f3 a ser 100% propiedad de los empleados cuando implementamos nuestro plan de propiedad de acciones para empleados (ESOP). As\u00ed que cuando decimos \u00absomos due\u00f1os de nuestro trabajo\u00bb, no es s\u00f3lo de boquilla. Benning nos pertenece a todos. Y ese orgullo de pertenencia nos impulsa a trabajar m\u00e1s duro y de forma m\u00e1s inteligente como equipo.<\/p>\n<p>La marea creciente levanta <em>todos los<\/em> barcos. Y cuando Benning prospera, todos los empleados ven beneficios tangibles de jubilaci\u00f3n a largo plazo, por encima de nuestro s\u00f3lido paquete de compensaci\u00f3n y beneficios.<\/p>\n<p><img loading=\"lazy\" decoding=\"async\" class=\"alignnone wp-image-2693\" src=\"https:\/\/benningcclive.wpengine.com\/wp-content\/uploads\/2022\/07\/One-Hundred-Mark_Web.jpg\" alt=\"\" width=\"153\" height=\"150\"><\/p>\n                                                        <\/div>\n            <\/div>\n            <div class=\"small-12 large-offset-1 large-6 cell\">\n                <div class=\"content-four__cell-inner content-right\">\n                                            <h5 class=\"content-four__heading text-uppercase font-color-blue bold\">Empresas ESOP<\/h5>\n                                                                <div class=\"content-four__columns_bulleted_content\">\n                                                                                            <ul class=\"content-four__bulleted_content_list\">\n                                                                               <li>Son m\u00e1s productivos<\/li>\n                                                                                                                       <li>Crecen m\u00e1s r\u00e1pido<\/li>\n                                                                                                                       <li>Son m\u00e1s rentables<\/li>\n                                                                                                            <\/ul>\n                                                                                                                            <ul class=\"content-four__bulleted_content_list\">\n                                                                               <li>Experimentar una menor rotaci\u00f3n de personal<\/li>\n                                                                                                                       <li>Generar m\u00e1s riqueza<\/li>\n                                                                                                            <\/ul>\n                                                                                    <\/div>\n                                                        <\/div>\n            <\/div>\n        <\/div>\n    <\/div>\n<\/div>\n\n\n\n<div class=\"featured-right option-four\">\n    <div class=\"grid-container\">\n        <div class=\"grid-x grid-padding-x featured-right__row\">\n            <div class=\"cell small-12 medium-6 large-5 xlarge-4 xlarge-offset-1 featured-right__text-cell\">\n                <div class=\"featured-right__text-inner\">\n                                            <h3 class=\"featured-right__heading font-color-plum\">John Sasser<\/h3>\n                                                                <h5 class=\"featured-right__text font-color-white\">\n                            \u00abMe encanta venir a trabajar cada d\u00eda. Nunca hay un momento aburrido, siempre hay un nuevo reto, y aunque damos el 110% a nuestro trabajo, tambi\u00e9n nos las arreglamos para pasarlo bien. Es un grupo estupendo y no lo cambiar\u00eda por nada. Los considero mi segunda familia\u00bb.                        <\/h5>\n                                                                <a class=\"dot-button featured-right__button button-small-plum\" href=\"https:\/\/benningcclive.wpengine.com\/culture\/\" target=\"_self\">Explora nuestra cultura<\/a>\n                                    <\/div>\n            <\/div>\n            <div class=\"cell small-12 medium-6 large-offset-1 featured-right__image-cell\">\n                <div class=\"featured-right__image-inner\">\n                    <img loading=\"lazy\" decoding=\"async\" width=\"1920\" height=\"1280\" src=\"https:\/\/benningcc.com\/wp-content\/uploads\/2022\/06\/CF0A4336-1920x1280.jpg\" class=\"attachment-full_hd size-full_hd\" alt=\"\" srcset=\"https:\/\/benningcc.com\/wp-content\/uploads\/2022\/06\/CF0A4336-1920x1280.jpg 1920w, https:\/\/benningcc.com\/wp-content\/uploads\/2022\/06\/CF0A4336-300x200.jpg 300w, https:\/\/benningcc.com\/wp-content\/uploads\/2022\/06\/CF0A4336-1024x683.jpg 1024w, https:\/\/benningcc.com\/wp-content\/uploads\/2022\/06\/CF0A4336-768x512.jpg 768w, https:\/\/benningcc.com\/wp-content\/uploads\/2022\/06\/CF0A4336-1536x1024.jpg 1536w, https:\/\/benningcc.com\/wp-content\/uploads\/2022\/06\/CF0A4336-2048x1365.jpg 2048w, https:\/\/benningcc.com\/wp-content\/uploads\/2022\/06\/CF0A4336-600x400.jpg 600w\" sizes=\"auto, (max-width: 1920px) 100vw, 1920px\" \/>                <\/div>\n            <\/div>\n        <\/div>\n    <\/div>\n<\/div>\n\n\n\n<div style=\"height:100px\" aria-hidden=\"true\" class=\"wp-block-spacer\"><\/div>\n<div class=\"content-thirteen\" >\n    <div class=\"grid-container\">\n        <div class=\"grid-x grid-padding-x\">\n            <div class=\"cell small-12\">\n                <div class=\"content-thirteen__inner\">\n                    <img loading=\"lazy\" decoding=\"async\" width=\"1920\" height=\"839\" src=\"https:\/\/benningcc.com\/wp-content\/uploads\/2022\/06\/CF0A4311-1920x839.jpg\" class=\"attachment-full_hd size-full_hd\" alt=\"\" srcset=\"https:\/\/benningcc.com\/wp-content\/uploads\/2022\/06\/CF0A4311-1920x839.jpg 1920w, https:\/\/benningcc.com\/wp-content\/uploads\/2022\/06\/CF0A4311-300x131.jpg 300w, https:\/\/benningcc.com\/wp-content\/uploads\/2022\/06\/CF0A4311-1024x447.jpg 1024w, https:\/\/benningcc.com\/wp-content\/uploads\/2022\/06\/CF0A4311-768x336.jpg 768w, https:\/\/benningcc.com\/wp-content\/uploads\/2022\/06\/CF0A4311-1536x671.jpg 1536w, https:\/\/benningcc.com\/wp-content\/uploads\/2022\/06\/CF0A4311.jpg 2000w\" sizes=\"auto, (max-width: 1920px) 100vw, 1920px\" \/>                                            <div class=\"content-thirteen__caption-inner-desc\">\n                            <h3 class=\"content-thirteen__caption font-color-blue\">Beneficios<\/h3>\n                        <\/div>\n                                    <\/div>\n                                    <div class=\"content-thirteen__caption-inner-mob\">\n                        <h3 class=\"content-thirteen__caption font-color-blue\">Beneficios<\/h3>\n                    <\/div>\n                            <\/div>\n        <\/div>\n    <\/div>\n<\/div>\n\n\n\n<div class=\"content-four\">\n    <div class=\"grid-container\">\n        <div class=\"grid-x grid-padding-x \">\n            <div class=\"small-12 large-5 cell\">\n                <div class=\"content-four__cell-inner content-left\">\n                                            <p>Queremos que prosperes en el trabajo y en la vida. Por eso, adem\u00e1s de una cultura de propiedad que premia la colaboraci\u00f3n y el compromiso, Benning se enorgullece de ofrecer un paquete competitivo de compensaci\u00f3n y beneficios a cada empleado-propietario.<\/p>\n                                                        <\/div>\n            <\/div>\n            <div class=\"small-12 large-offset-1 large-6 cell\">\n                <div class=\"content-four__cell-inner content-right\">\n                                                                <div class=\"content-four__columns_bulleted_content\">\n                                                                                            <ul class=\"content-four__bulleted_content_list\">\n                                                                               <li>Salario competitivo<\/li>\n                                                                                                                       <li>Oportunidades de ascenso<\/li>\n                                                                                                                       <li>Longevidad y estabilidad<\/li>\n                                                                                                                       <li>Acciones de propiedad de los empleados<\/li>\n                                                                                                                       <li>Planes 401K<\/li>\n                                                                                                                       <li>Seguro de salud<\/li>\n                                                                                                            <\/ul>\n                                                                                                                            <ul class=\"content-four__bulleted_content_list\">\n                                                                               <li>Seguro de vida<\/li>\n                                                                                                                       <li>Incapacidad a corto y largo plazo<\/li>\n                                                                                                                       <li>Vacaciones y d\u00edas festivos pagados<\/li>\n                                                                                                                       <li>Centro de fitness in situ<\/li>\n                                                                                                                       <li>Aparcamiento gratuito<\/li>\n                                                                                                            <\/ul>\n                                                                                    <\/div>\n                                                        <\/div>\n            <\/div>\n        <\/div>\n    <\/div>\n<\/div>\n\n\n<div class=\"content-eleven\" id=\"anchor_open-positions\">\n    <div class=\"grid-container\">\n        <div class=\"grid-x grid-padding-x\">\n            <div class=\"cell small-12 medium-11 large-10 xlarge-5 content-eleven__left-cell\">\n                <p>En Benning, somos partidarios de cultivar lo nuestro. Nuestro objetivo es proporcionar a las personas grandes oportunidades para ampliar sus conocimientos y habilidades, asumir nuevos retos y prosperar en una carrera a largo plazo aqu\u00ed. Es un lugar donde nadie es s\u00f3lo un n\u00famero y todas las voces importan. Un lugar en el que nos construimos mutuamente y nos cubrimos las espaldas.<\/p>\n<p>Si es usted un colaborador que puede hacer lo que quiera y que se exige mucho a s\u00ed mismo, una carrera en Benning le ofrecer\u00e1 grandes beneficios.<\/p>\n            <\/div>\n                        <div class=\"cell small-12 medium-11 large-10 xlarge-5 xlarge-offset-1\">\n                                    <h5 class=\"content-eleven__right-column-heading bold text-uppercase font-color-blue\">Puestos abiertos<\/h5>\n                                                <div class=\"content-eleven__right-column-content-inner\">\n                                                                        <div class=\"content-eleven__right-column-content-row\">\n                                                                <a class=\"content-eleven__right-column-content-link\" href=\"https:\/\/benningcclive.wpengine.com\/superintendent-2\/\">\n                                                                                                                <span class=\"content-eleven__right-column-content-left-text\">Superintendente<\/span>\n                                                                                                                            <span class=\"content-eleven__right-column-content-right-text\">Atlanta<\/span>\n                                                                                                        <\/a>\n                                                            <\/div>\n                                                                                                <div class=\"content-eleven__right-column-content-row\">\n                                                                <a class=\"content-eleven__right-column-content-link\" href=\"https:\/\/benningcclive.wpengine.com\/carpenter-commercial-construction-laborer\/\">\n                                                                                                                <span class=\"content-eleven__right-column-content-left-text\">Carpintero \/ Obrero de construcci\u00f3n comercial<\/span>\n                                                                                                                            <span class=\"content-eleven__right-column-content-right-text\">Atlanta<\/span>\n                                                                                                        <\/a>\n                                                            <\/div>\n                                                            <\/div>\n                            <\/div>\n                    <\/div>\n    <\/div>\n<\/div>\n","protected":false},"excerpt":{"rendered":"","protected":false},"author":2,"featured_media":0,"parent":0,"menu_order":0,"comment_status":"closed","ping_status":"closed","template":"","meta":{"content-type":"","footnotes":""},"class_list":["post-3232","page","type-page","status-publish","hentry"],"acf":[],"yoast_head":"<!-- This site is optimized with the Yoast SEO plugin v27.4 - https:\/\/yoast.com\/product\/yoast-seo-wordpress\/ -->\n<title>Carreras - Benning Construction<\/title>\n<meta name=\"robots\" content=\"index, follow, max-snippet:-1, max-image-preview:large, max-video-preview:-1\" \/>\n<link rel=\"canonical\" href=\"https:\/\/benningcc.com\/es\/carreras\/\" \/>\n<meta property=\"og:locale\" content=\"es_ES\" \/>\n<meta property=\"og:type\" content=\"article\" \/>\n<meta property=\"og:title\" content=\"Carreras - Benning Construction\" \/>\n<meta property=\"og:url\" content=\"https:\/\/benningcc.com\/es\/carreras\/\" \/>\n<meta property=\"og:site_name\" content=\"Benning Construction\" \/>\n<meta property=\"article:modified_time\" content=\"2023-01-04T20:09:32+00:00\" \/>\n<meta name=\"twitter:card\" content=\"summary_large_image\" \/>\n<script type=\"application\/ld+json\" class=\"yoast-schema-graph\">{\"@context\":\"https:\\\/\\\/schema.org\",\"@graph\":[{\"@type\":\"WebPage\",\"@id\":\"https:\\\/\\\/benningcc.com\\\/es\\\/carreras\\\/\",\"url\":\"https:\\\/\\\/benningcc.com\\\/es\\\/carreras\\\/\",\"name\":\"Carreras - Benning Construction\",\"isPartOf\":{\"@id\":\"https:\\\/\\\/benningcc.com\\\/#website\"},\"datePublished\":\"2022-06-06T17:00:44+00:00\",\"dateModified\":\"2023-01-04T20:09:32+00:00\",\"breadcrumb\":{\"@id\":\"https:\\\/\\\/benningcc.com\\\/es\\\/carreras\\\/#breadcrumb\"},\"inLanguage\":\"es\",\"potentialAction\":[{\"@type\":\"ReadAction\",\"target\":[\"https:\\\/\\\/benningcc.com\\\/es\\\/carreras\\\/\"]}]},{\"@type\":\"BreadcrumbList\",\"@id\":\"https:\\\/\\\/benningcc.com\\\/es\\\/carreras\\\/#breadcrumb\",\"itemListElement\":[{\"@type\":\"ListItem\",\"position\":1,\"name\":\"Home\",\"item\":\"https:\\\/\\\/benningcc.com\\\/es\\\/\"},{\"@type\":\"ListItem\",\"position\":2,\"name\":\"Carreras\"}]},{\"@type\":\"WebSite\",\"@id\":\"https:\\\/\\\/benningcc.com\\\/#website\",\"url\":\"https:\\\/\\\/benningcc.com\\\/\",\"name\":\"Benning Construction\",\"description\":\"Our Boots Build Stories\",\"publisher\":{\"@id\":\"https:\\\/\\\/benningcc.com\\\/#organization\"},\"potentialAction\":[{\"@type\":\"SearchAction\",\"target\":{\"@type\":\"EntryPoint\",\"urlTemplate\":\"https:\\\/\\\/benningcc.com\\\/?s={search_term_string}\"},\"query-input\":{\"@type\":\"PropertyValueSpecification\",\"valueRequired\":true,\"valueName\":\"search_term_string\"}}],\"inLanguage\":\"es\"},{\"@type\":\"Organization\",\"@id\":\"https:\\\/\\\/benningcc.com\\\/#organization\",\"name\":\"Benning Construction\",\"url\":\"https:\\\/\\\/benningcc.com\\\/\",\"logo\":{\"@type\":\"ImageObject\",\"inLanguage\":\"es\",\"@id\":\"https:\\\/\\\/benningcc.com\\\/#\\\/schema\\\/logo\\\/image\\\/\",\"url\":\"https:\\\/\\\/benningcc.com\\\/wp-content\\\/uploads\\\/2022\\\/05\\\/short-logo.svg\",\"contentUrl\":\"https:\\\/\\\/benningcc.com\\\/wp-content\\\/uploads\\\/2022\\\/05\\\/short-logo.svg\",\"caption\":\"Benning Construction\"},\"image\":{\"@id\":\"https:\\\/\\\/benningcc.com\\\/#\\\/schema\\\/logo\\\/image\\\/\"}}]}<\/script>\n<!-- \/ Yoast SEO plugin. -->","yoast_head_json":{"title":"Carreras - Benning Construction","robots":{"index":"index","follow":"follow","max-snippet":"max-snippet:-1","max-image-preview":"max-image-preview:large","max-video-preview":"max-video-preview:-1"},"canonical":"https:\/\/benningcc.com\/es\/carreras\/","og_locale":"es_ES","og_type":"article","og_title":"Carreras - Benning Construction","og_url":"https:\/\/benningcc.com\/es\/carreras\/","og_site_name":"Benning Construction","article_modified_time":"2023-01-04T20:09:32+00:00","twitter_card":"summary_large_image","schema":{"@context":"https:\/\/schema.org","@graph":[{"@type":"WebPage","@id":"https:\/\/benningcc.com\/es\/carreras\/","url":"https:\/\/benningcc.com\/es\/carreras\/","name":"Carreras - Benning Construction","isPartOf":{"@id":"https:\/\/benningcc.com\/#website"},"datePublished":"2022-06-06T17:00:44+00:00","dateModified":"2023-01-04T20:09:32+00:00","breadcrumb":{"@id":"https:\/\/benningcc.com\/es\/carreras\/#breadcrumb"},"inLanguage":"es","potentialAction":[{"@type":"ReadAction","target":["https:\/\/benningcc.com\/es\/carreras\/"]}]},{"@type":"BreadcrumbList","@id":"https:\/\/benningcc.com\/es\/carreras\/#breadcrumb","itemListElement":[{"@type":"ListItem","position":1,"name":"Home","item":"https:\/\/benningcc.com\/es\/"},{"@type":"ListItem","position":2,"name":"Carreras"}]},{"@type":"WebSite","@id":"https:\/\/benningcc.com\/#website","url":"https:\/\/benningcc.com\/","name":"Benning Construction","description":"Our Boots Build Stories","publisher":{"@id":"https:\/\/benningcc.com\/#organization"},"potentialAction":[{"@type":"SearchAction","target":{"@type":"EntryPoint","urlTemplate":"https:\/\/benningcc.com\/?s={search_term_string}"},"query-input":{"@type":"PropertyValueSpecification","valueRequired":true,"valueName":"search_term_string"}}],"inLanguage":"es"},{"@type":"Organization","@id":"https:\/\/benningcc.com\/#organization","name":"Benning Construction","url":"https:\/\/benningcc.com\/","logo":{"@type":"ImageObject","inLanguage":"es","@id":"https:\/\/benningcc.com\/#\/schema\/logo\/image\/","url":"https:\/\/benningcc.com\/wp-content\/uploads\/2022\/05\/short-logo.svg","contentUrl":"https:\/\/benningcc.com\/wp-content\/uploads\/2022\/05\/short-logo.svg","caption":"Benning Construction"},"image":{"@id":"https:\/\/benningcc.com\/#\/schema\/logo\/image\/"}}]}},"featured_image_src":null,"featured_image_src_square":null,"_links":{"self":[{"href":"https:\/\/benningcc.com\/es\/wp-json\/wp\/v2\/pages\/3232","targetHints":{"allow":["GET"]}}],"collection":[{"href":"https:\/\/benningcc.com\/es\/wp-json\/wp\/v2\/pages"}],"about":[{"href":"https:\/\/benningcc.com\/es\/wp-json\/wp\/v2\/types\/page"}],"author":[{"embeddable":true,"href":"https:\/\/benningcc.com\/es\/wp-json\/wp\/v2\/users\/2"}],"replies":[{"embeddable":true,"href":"https:\/\/benningcc.com\/es\/wp-json\/wp\/v2\/comments?post=3232"}],"version-history":[{"count":0,"href":"https:\/\/benningcc.com\/es\/wp-json\/wp\/v2\/pages\/3232\/revisions"}],"wp:attachment":[{"href":"https:\/\/benningcc.com\/es\/wp-json\/wp\/v2\/media?parent=3232"}],"curies":[{"name":"wp","href":"https:\/\/api.w.org\/{rel}","templated":true}]}}