{"id":3277,"date":"2022-05-23T09:29:32","date_gmt":"2022-05-23T09:29:32","guid":{"rendered":"https:\/\/benningcc.com\/empleados-propietarios\/"},"modified":"2022-08-11T14:23:01","modified_gmt":"2022-08-11T14:23:01","slug":"empleados-propietarios","status":"publish","type":"page","link":"https:\/\/benningcc.com\/es\/pagina-de-inicio\/empleados-propietarios\/","title":{"rendered":"Empleados propietarios"},"content":{"rendered":"\n<div class=\"featured-left option-four\">\n    <div class=\"grid-container\">\n        <div class=\"grid-x grid-padding-x featured-left__row\">\n            <div class=\"cell small-12 medium-6 featured-left__image-cell\">\n                <div class=\"featured-left__image-inner\">\n                    <img loading=\"lazy\" decoding=\"async\" width=\"1920\" height=\"1280\" src=\"https:\/\/benningcc.com\/wp-content\/uploads\/2022\/06\/CF0A4532-1920x1280.jpg\" class=\"attachment-full_hd size-full_hd\" alt=\"\" srcset=\"https:\/\/benningcc.com\/wp-content\/uploads\/2022\/06\/CF0A4532-1920x1280.jpg 1920w, https:\/\/benningcc.com\/wp-content\/uploads\/2022\/06\/CF0A4532-300x200.jpg 300w, https:\/\/benningcc.com\/wp-content\/uploads\/2022\/06\/CF0A4532-1024x683.jpg 1024w, https:\/\/benningcc.com\/wp-content\/uploads\/2022\/06\/CF0A4532-768x512.jpg 768w, https:\/\/benningcc.com\/wp-content\/uploads\/2022\/06\/CF0A4532-1536x1024.jpg 1536w, https:\/\/benningcc.com\/wp-content\/uploads\/2022\/06\/CF0A4532-2048x1365.jpg 2048w, https:\/\/benningcc.com\/wp-content\/uploads\/2022\/06\/CF0A4532-600x400.jpg 600w\" sizes=\"auto, (max-width: 1920px) 100vw, 1920px\" \/>                <\/div>\n            <\/div>\n            <div class=\"cell small-12 medium-6 large-5 xlarge-4 large-offset-1 featured-left__text-cell\">\n                <div class=\"featured-left__text-inner\">\n                                            <h3 class=\"featured-left__heading font-color-plum\">Esta es una p\u00e1gina para nosotros. Para todas las cosas \u00fatiles o de ayuda.  <\/h3>\n                                                                <h5 class=\"featured-left__text font-color-white\">\n                            Elementos como la informaci\u00f3n sobre la incorporaci\u00f3n de los nuevos empleados. Enlaces \u00fatiles a su tarjeta de tiempo, ESOP 401K y seguro. Una lista de contactos de la empresa, y una lista de trabajos. Plantillas de marca para correo electr\u00f3nico, protectores de pantalla, PowerPoints y archivos de logotipo. Una Biblioteca de Lecciones Aprendidas, y un enlace al Portal de Puntos de Vista.                        <\/h5>\n                                                        <\/div>\n            <\/div>\n        <\/div>\n    <\/div>\n<\/div>\n\n\n\n<div class=\"links-block\">\n    <div class=\"grid-container\">\n                <div class=\"grid-x grid-padding-x\">\n            <div class=\"small-12 large-offset-1 large-10 cell\">\n                <h5 class=\"links-block__heading text-uppercase font-color-blue bold\">Enlaces<\/h5>\n            <\/div>\n        <\/div>\n                        <div class=\"grid-x grid-padding-x\">\n                                <div class=\"cell small-12 medium-6 large-5 links-block__list-cell large-offset-1\">\n                        <ul class=\"links-block__list\">\n                                                                                                                        <li>\n                                        <a class=\"links-block__item\" href=\"https:\/\/hff.benningnet.com\/\" target=\"En blanco\">Tarjeta de tiempo<\/a>\n                                    <\/li>\n                                                                                                                                                                                    <li>\n                                        <a class=\"links-block__item\" href=\"https:\/\/menkeesop.com\" target=\"En blanco\">ESOP Menke<\/a>\n                                    <\/li>\n                                                                                                                                                                                    <li>\n                                        <a class=\"links-block__item\" href=\"https:\/\/healthy.kaiserpermanente.org\/georgia\/consumer-sign-on#\/signon\" target=\"En blanco\">Kaiser Health<\/a>\n                                    <\/li>\n                                                                                                                                                                                    <li>\n                                        <a class=\"links-block__item\" href=\"https:\/\/participant.empower-retirement.com\/participant\/#\/login\" target=\"_self\">Jubilaci\u00f3n de los trabajadores<\/a>\n                                    <\/li>\n                                                                                                            <\/ul>\n                    <\/div>\n                                    <\/div>\n            <\/div>\n<\/div>\n\n\n","protected":false},"excerpt":{"rendered":"","protected":false},"author":1,"featured_media":0,"parent":3226,"menu_order":0,"comment_status":"closed","ping_status":"closed","template":"templates\/template-employee-login.php","meta":{"content-type":"","footnotes":""},"class_list":["post-3277","page","type-page","status-publish","hentry"],"acf":[],"yoast_head":"<!-- This site is optimized with the Yoast SEO plugin v27.5 - https:\/\/yoast.com\/product\/yoast-seo-wordpress\/ -->\n<title>Empleados propietarios - Benning Construction<\/title>\n<meta name=\"robots\" content=\"index, follow, max-snippet:-1, max-image-preview:large, max-video-preview:-1\" \/>\n<link rel=\"canonical\" href=\"https:\/\/benningcc.com\/es\/empleados-propietarios\/\" \/>\n<meta property=\"og:locale\" content=\"es_ES\" \/>\n<meta property=\"og:type\" content=\"article\" \/>\n<meta property=\"og:title\" content=\"Empleados propietarios - Benning Construction\" \/>\n<meta property=\"og:url\" content=\"https:\/\/benningcc.com\/es\/empleados-propietarios\/\" \/>\n<meta property=\"og:site_name\" content=\"Benning Construction\" \/>\n<meta property=\"article:modified_time\" content=\"2022-08-11T14:23:01+00:00\" \/>\n<meta name=\"twitter:card\" content=\"summary_large_image\" \/>\n<script type=\"application\/ld+json\" class=\"yoast-schema-graph\">{\"@context\":\"https:\\\/\\\/schema.org\",\"@graph\":[{\"@type\":\"WebPage\",\"@id\":\"https:\\\/\\\/benningcc.com\\\/es\\\/empleados-propietarios\\\/\",\"url\":\"https:\\\/\\\/benningcc.com\\\/es\\\/empleados-propietarios\\\/\",\"name\":\"Empleados propietarios - Benning Construction\",\"isPartOf\":{\"@id\":\"https:\\\/\\\/benningcc.com\\\/#website\"},\"datePublished\":\"2022-05-23T09:29:32+00:00\",\"dateModified\":\"2022-08-11T14:23:01+00:00\",\"breadcrumb\":{\"@id\":\"https:\\\/\\\/benningcc.com\\\/es\\\/empleados-propietarios\\\/#breadcrumb\"},\"inLanguage\":\"es\",\"potentialAction\":[{\"@type\":\"ReadAction\",\"target\":[\"https:\\\/\\\/benningcc.com\\\/es\\\/empleados-propietarios\\\/\"]}]},{\"@type\":\"BreadcrumbList\",\"@id\":\"https:\\\/\\\/benningcc.com\\\/es\\\/empleados-propietarios\\\/#breadcrumb\",\"itemListElement\":[{\"@type\":\"ListItem\",\"position\":1,\"name\":\"Home\",\"item\":\"https:\\\/\\\/benningcc.com\\\/es\\\/\"},{\"@type\":\"ListItem\",\"position\":2,\"name\":\"Empleados propietarios\"}]},{\"@type\":\"WebSite\",\"@id\":\"https:\\\/\\\/benningcc.com\\\/#website\",\"url\":\"https:\\\/\\\/benningcc.com\\\/\",\"name\":\"Benning Construction\",\"description\":\"Our Boots Build Stories\",\"publisher\":{\"@id\":\"https:\\\/\\\/benningcc.com\\\/#organization\"},\"potentialAction\":[{\"@type\":\"SearchAction\",\"target\":{\"@type\":\"EntryPoint\",\"urlTemplate\":\"https:\\\/\\\/benningcc.com\\\/?s={search_term_string}\"},\"query-input\":{\"@type\":\"PropertyValueSpecification\",\"valueRequired\":true,\"valueName\":\"search_term_string\"}}],\"inLanguage\":\"es\"},{\"@type\":\"Organization\",\"@id\":\"https:\\\/\\\/benningcc.com\\\/#organization\",\"name\":\"Benning Construction\",\"url\":\"https:\\\/\\\/benningcc.com\\\/\",\"logo\":{\"@type\":\"ImageObject\",\"inLanguage\":\"es\",\"@id\":\"https:\\\/\\\/benningcc.com\\\/#\\\/schema\\\/logo\\\/image\\\/\",\"url\":\"https:\\\/\\\/benningcc.com\\\/wp-content\\\/uploads\\\/2022\\\/05\\\/short-logo.svg\",\"contentUrl\":\"https:\\\/\\\/benningcc.com\\\/wp-content\\\/uploads\\\/2022\\\/05\\\/short-logo.svg\",\"caption\":\"Benning Construction\"},\"image\":{\"@id\":\"https:\\\/\\\/benningcc.com\\\/#\\\/schema\\\/logo\\\/image\\\/\"}}]}<\/script>\n<!-- \/ Yoast SEO plugin. -->","yoast_head_json":{"title":"Empleados propietarios - Benning Construction","robots":{"index":"index","follow":"follow","max-snippet":"max-snippet:-1","max-image-preview":"max-image-preview:large","max-video-preview":"max-video-preview:-1"},"canonical":"https:\/\/benningcc.com\/es\/empleados-propietarios\/","og_locale":"es_ES","og_type":"article","og_title":"Empleados propietarios - Benning Construction","og_url":"https:\/\/benningcc.com\/es\/empleados-propietarios\/","og_site_name":"Benning Construction","article_modified_time":"2022-08-11T14:23:01+00:00","twitter_card":"summary_large_image","schema":{"@context":"https:\/\/schema.org","@graph":[{"@type":"WebPage","@id":"https:\/\/benningcc.com\/es\/empleados-propietarios\/","url":"https:\/\/benningcc.com\/es\/empleados-propietarios\/","name":"Empleados propietarios - Benning Construction","isPartOf":{"@id":"https:\/\/benningcc.com\/#website"},"datePublished":"2022-05-23T09:29:32+00:00","dateModified":"2022-08-11T14:23:01+00:00","breadcrumb":{"@id":"https:\/\/benningcc.com\/es\/empleados-propietarios\/#breadcrumb"},"inLanguage":"es","potentialAction":[{"@type":"ReadAction","target":["https:\/\/benningcc.com\/es\/empleados-propietarios\/"]}]},{"@type":"BreadcrumbList","@id":"https:\/\/benningcc.com\/es\/empleados-propietarios\/#breadcrumb","itemListElement":[{"@type":"ListItem","position":1,"name":"Home","item":"https:\/\/benningcc.com\/es\/"},{"@type":"ListItem","position":2,"name":"Empleados propietarios"}]},{"@type":"WebSite","@id":"https:\/\/benningcc.com\/#website","url":"https:\/\/benningcc.com\/","name":"Benning Construction","description":"Our Boots Build Stories","publisher":{"@id":"https:\/\/benningcc.com\/#organization"},"potentialAction":[{"@type":"SearchAction","target":{"@type":"EntryPoint","urlTemplate":"https:\/\/benningcc.com\/?s={search_term_string}"},"query-input":{"@type":"PropertyValueSpecification","valueRequired":true,"valueName":"search_term_string"}}],"inLanguage":"es"},{"@type":"Organization","@id":"https:\/\/benningcc.com\/#organization","name":"Benning Construction","url":"https:\/\/benningcc.com\/","logo":{"@type":"ImageObject","inLanguage":"es","@id":"https:\/\/benningcc.com\/#\/schema\/logo\/image\/","url":"https:\/\/benningcc.com\/wp-content\/uploads\/2022\/05\/short-logo.svg","contentUrl":"https:\/\/benningcc.com\/wp-content\/uploads\/2022\/05\/short-logo.svg","caption":"Benning Construction"},"image":{"@id":"https:\/\/benningcc.com\/#\/schema\/logo\/image\/"}}]}},"featured_image_src":null,"featured_image_src_square":null,"_links":{"self":[{"href":"https:\/\/benningcc.com\/es\/wp-json\/wp\/v2\/pages\/3277","targetHints":{"allow":["GET"]}}],"collection":[{"href":"https:\/\/benningcc.com\/es\/wp-json\/wp\/v2\/pages"}],"about":[{"href":"https:\/\/benningcc.com\/es\/wp-json\/wp\/v2\/types\/page"}],"author":[{"embeddable":true,"href":"https:\/\/benningcc.com\/es\/wp-json\/wp\/v2\/users\/1"}],"replies":[{"embeddable":true,"href":"https:\/\/benningcc.com\/es\/wp-json\/wp\/v2\/comments?post=3277"}],"version-history":[{"count":0,"href":"https:\/\/benningcc.com\/es\/wp-json\/wp\/v2\/pages\/3277\/revisions"}],"up":[{"embeddable":true,"href":"https:\/\/benningcc.com\/es\/wp-json\/wp\/v2\/pages\/3226"}],"wp:attachment":[{"href":"https:\/\/benningcc.com\/es\/wp-json\/wp\/v2\/media?parent=3277"}],"curies":[{"name":"wp","href":"https:\/\/api.w.org\/{rel}","templated":true}]}}