{"id":3290,"date":"2022-06-06T18:40:56","date_gmt":"2022-06-06T18:40:56","guid":{"rendered":"https:\/\/benningcc.com\/politica-de-privacidad-2\/"},"modified":"2022-08-11T14:29:47","modified_gmt":"2022-08-11T14:29:47","slug":"politica-de-privacidad-2","status":"publish","type":"page","link":"https:\/\/benningcc.com\/es\/politica-de-privacidad-2\/","title":{"rendered":"Pol\u00edtica de privacidad"},"content":{"rendered":"<div class=\"content-seven\">\n    <div class=\"grid-container\">\n                                <div class=\"grid-x grid-padding-x content-seven__content-row\">\n                <div class=\"small-12 large-8 large-offset-2 cell\">\n                                            <h2 class=\"content-seven__heading font-color-blue font-weight-medium\">Condiciones de uso<\/h2>\n                                                                <p>Bienvenido a nuestro sitio web. Invitamos gustosamente a los visitantes a navegar por este sitio web y las p\u00e1ginas enlazadas para obtener informaci\u00f3n sobre nuestra empresa y nuestros servicios; sin embargo, los contenidos, las im\u00e1genes y los textos est\u00e1n protegidos por derechos de autor para nuestros fines comerciales.<\/p>\n<p>Ni este sitio ni ninguna parte del mismo pueden ser alterados, reproducidos, copiados, vendidos o utilizados de otra manera para cualquier prop\u00f3sito comercial sin el consentimiento expreso por escrito de Benning Construction Company.<\/p>\n                                    <\/div>\n            <\/div>\n                                            <div class=\"grid-x grid-padding-x content-seven__content-row\">\n                <div class=\"small-12 large-8 large-offset-2 cell\">\n                                            <h2 class=\"content-seven__heading font-color-blue font-weight-medium\">Declaraciones y garant\u00edas<\/h2>\n                                                                <p>Aunque nos esforzamos por garantizar la actualidad y exactitud de la informaci\u00f3n contenida, Benning no se responsabiliza de los errores u omisiones en los materiales, ya sean proporcionados por la empresa o por terceros.<\/p>\n                                    <\/div>\n            <\/div>\n                                            <div class=\"grid-x grid-padding-x content-seven__content-row\">\n                <div class=\"small-12 large-8 large-offset-2 cell\">\n                                            <h2 class=\"content-seven__heading font-color-blue font-weight-medium\">Pol\u00edtica de privacidad<\/h2>\n                                                                <p>Porque respetamos su privacidad, Benning no compartir\u00e1 a sabiendas la informaci\u00f3n que usted nos proporcione con nadie, salvo en la medida en que lo exija o permita la legislaci\u00f3n aplicable. No vendemos su informaci\u00f3n. Los visitantes deben tener en cuenta que, aunque nuestra intenci\u00f3n es mantener la privacidad de la informaci\u00f3n que usted transmite a trav\u00e9s de nuestros sitios web o por medio del correo electr\u00f3nico, Benning no puede garantizar que dicha informaci\u00f3n sea 100% confidencial o segura.<\/p>\n<p>Copyright 2022 &#8211; Benning Construction Company &#8211; Todos los derechos reservados<\/p>\n                                    <\/div>\n            <\/div>\n                        <\/div>\n<\/div>\n\n","protected":false},"excerpt":{"rendered":"","protected":false},"author":2,"featured_media":0,"parent":0,"menu_order":0,"comment_status":"closed","ping_status":"closed","template":"","meta":{"content-type":"","footnotes":""},"class_list":["post-3290","page","type-page","status-publish","hentry"],"acf":[],"yoast_head":"<!-- This site is optimized with the Yoast SEO plugin v27.4 - https:\/\/yoast.com\/product\/yoast-seo-wordpress\/ -->\n<title>Pol\u00edtica de privacidad - Benning Construction<\/title>\n<meta name=\"robots\" content=\"index, follow, max-snippet:-1, max-image-preview:large, max-video-preview:-1\" \/>\n<link rel=\"canonical\" href=\"https:\/\/benningcc.com\/es\/politica-de-privacidad-2\/\" \/>\n<meta property=\"og:locale\" content=\"es_ES\" \/>\n<meta property=\"og:type\" content=\"article\" \/>\n<meta property=\"og:title\" content=\"Pol\u00edtica de privacidad - Benning Construction\" \/>\n<meta property=\"og:url\" content=\"https:\/\/benningcc.com\/es\/politica-de-privacidad-2\/\" \/>\n<meta property=\"og:site_name\" content=\"Benning Construction\" \/>\n<meta property=\"article:modified_time\" content=\"2022-08-11T14:29:47+00:00\" \/>\n<meta name=\"twitter:card\" content=\"summary_large_image\" \/>\n<script type=\"application\/ld+json\" class=\"yoast-schema-graph\">{\"@context\":\"https:\\\/\\\/schema.org\",\"@graph\":[{\"@type\":\"WebPage\",\"@id\":\"https:\\\/\\\/benningcc.com\\\/es\\\/politica-de-privacidad-2\\\/\",\"url\":\"https:\\\/\\\/benningcc.com\\\/es\\\/politica-de-privacidad-2\\\/\",\"name\":\"Pol\u00edtica de privacidad - Benning Construction\",\"isPartOf\":{\"@id\":\"https:\\\/\\\/benningcc.com\\\/#website\"},\"datePublished\":\"2022-06-06T18:40:56+00:00\",\"dateModified\":\"2022-08-11T14:29:47+00:00\",\"breadcrumb\":{\"@id\":\"https:\\\/\\\/benningcc.com\\\/es\\\/politica-de-privacidad-2\\\/#breadcrumb\"},\"inLanguage\":\"es\",\"potentialAction\":[{\"@type\":\"ReadAction\",\"target\":[\"https:\\\/\\\/benningcc.com\\\/es\\\/politica-de-privacidad-2\\\/\"]}]},{\"@type\":\"BreadcrumbList\",\"@id\":\"https:\\\/\\\/benningcc.com\\\/es\\\/politica-de-privacidad-2\\\/#breadcrumb\",\"itemListElement\":[{\"@type\":\"ListItem\",\"position\":1,\"name\":\"Home\",\"item\":\"https:\\\/\\\/benningcc.com\\\/es\\\/\"},{\"@type\":\"ListItem\",\"position\":2,\"name\":\"Pol\u00edtica de privacidad\"}]},{\"@type\":\"WebSite\",\"@id\":\"https:\\\/\\\/benningcc.com\\\/#website\",\"url\":\"https:\\\/\\\/benningcc.com\\\/\",\"name\":\"Benning Construction\",\"description\":\"Our Boots Build Stories\",\"publisher\":{\"@id\":\"https:\\\/\\\/benningcc.com\\\/#organization\"},\"potentialAction\":[{\"@type\":\"SearchAction\",\"target\":{\"@type\":\"EntryPoint\",\"urlTemplate\":\"https:\\\/\\\/benningcc.com\\\/?s={search_term_string}\"},\"query-input\":{\"@type\":\"PropertyValueSpecification\",\"valueRequired\":true,\"valueName\":\"search_term_string\"}}],\"inLanguage\":\"es\"},{\"@type\":\"Organization\",\"@id\":\"https:\\\/\\\/benningcc.com\\\/#organization\",\"name\":\"Benning Construction\",\"url\":\"https:\\\/\\\/benningcc.com\\\/\",\"logo\":{\"@type\":\"ImageObject\",\"inLanguage\":\"es\",\"@id\":\"https:\\\/\\\/benningcc.com\\\/#\\\/schema\\\/logo\\\/image\\\/\",\"url\":\"https:\\\/\\\/benningcc.com\\\/wp-content\\\/uploads\\\/2022\\\/05\\\/short-logo.svg\",\"contentUrl\":\"https:\\\/\\\/benningcc.com\\\/wp-content\\\/uploads\\\/2022\\\/05\\\/short-logo.svg\",\"caption\":\"Benning Construction\"},\"image\":{\"@id\":\"https:\\\/\\\/benningcc.com\\\/#\\\/schema\\\/logo\\\/image\\\/\"}}]}<\/script>\n<!-- \/ Yoast SEO plugin. -->","yoast_head_json":{"title":"Pol\u00edtica de privacidad - Benning Construction","robots":{"index":"index","follow":"follow","max-snippet":"max-snippet:-1","max-image-preview":"max-image-preview:large","max-video-preview":"max-video-preview:-1"},"canonical":"https:\/\/benningcc.com\/es\/politica-de-privacidad-2\/","og_locale":"es_ES","og_type":"article","og_title":"Pol\u00edtica de privacidad - Benning Construction","og_url":"https:\/\/benningcc.com\/es\/politica-de-privacidad-2\/","og_site_name":"Benning Construction","article_modified_time":"2022-08-11T14:29:47+00:00","twitter_card":"summary_large_image","schema":{"@context":"https:\/\/schema.org","@graph":[{"@type":"WebPage","@id":"https:\/\/benningcc.com\/es\/politica-de-privacidad-2\/","url":"https:\/\/benningcc.com\/es\/politica-de-privacidad-2\/","name":"Pol\u00edtica de privacidad - Benning Construction","isPartOf":{"@id":"https:\/\/benningcc.com\/#website"},"datePublished":"2022-06-06T18:40:56+00:00","dateModified":"2022-08-11T14:29:47+00:00","breadcrumb":{"@id":"https:\/\/benningcc.com\/es\/politica-de-privacidad-2\/#breadcrumb"},"inLanguage":"es","potentialAction":[{"@type":"ReadAction","target":["https:\/\/benningcc.com\/es\/politica-de-privacidad-2\/"]}]},{"@type":"BreadcrumbList","@id":"https:\/\/benningcc.com\/es\/politica-de-privacidad-2\/#breadcrumb","itemListElement":[{"@type":"ListItem","position":1,"name":"Home","item":"https:\/\/benningcc.com\/es\/"},{"@type":"ListItem","position":2,"name":"Pol\u00edtica de privacidad"}]},{"@type":"WebSite","@id":"https:\/\/benningcc.com\/#website","url":"https:\/\/benningcc.com\/","name":"Benning Construction","description":"Our Boots Build Stories","publisher":{"@id":"https:\/\/benningcc.com\/#organization"},"potentialAction":[{"@type":"SearchAction","target":{"@type":"EntryPoint","urlTemplate":"https:\/\/benningcc.com\/?s={search_term_string}"},"query-input":{"@type":"PropertyValueSpecification","valueRequired":true,"valueName":"search_term_string"}}],"inLanguage":"es"},{"@type":"Organization","@id":"https:\/\/benningcc.com\/#organization","name":"Benning Construction","url":"https:\/\/benningcc.com\/","logo":{"@type":"ImageObject","inLanguage":"es","@id":"https:\/\/benningcc.com\/#\/schema\/logo\/image\/","url":"https:\/\/benningcc.com\/wp-content\/uploads\/2022\/05\/short-logo.svg","contentUrl":"https:\/\/benningcc.com\/wp-content\/uploads\/2022\/05\/short-logo.svg","caption":"Benning Construction"},"image":{"@id":"https:\/\/benningcc.com\/#\/schema\/logo\/image\/"}}]}},"featured_image_src":null,"featured_image_src_square":null,"_links":{"self":[{"href":"https:\/\/benningcc.com\/es\/wp-json\/wp\/v2\/pages\/3290","targetHints":{"allow":["GET"]}}],"collection":[{"href":"https:\/\/benningcc.com\/es\/wp-json\/wp\/v2\/pages"}],"about":[{"href":"https:\/\/benningcc.com\/es\/wp-json\/wp\/v2\/types\/page"}],"author":[{"embeddable":true,"href":"https:\/\/benningcc.com\/es\/wp-json\/wp\/v2\/users\/2"}],"replies":[{"embeddable":true,"href":"https:\/\/benningcc.com\/es\/wp-json\/wp\/v2\/comments?post=3290"}],"version-history":[{"count":0,"href":"https:\/\/benningcc.com\/es\/wp-json\/wp\/v2\/pages\/3290\/revisions"}],"wp:attachment":[{"href":"https:\/\/benningcc.com\/es\/wp-json\/wp\/v2\/media?parent=3290"}],"curies":[{"name":"wp","href":"https:\/\/api.w.org\/{rel}","templated":true}]}}