{"id":3292,"date":"2022-08-04T02:13:37","date_gmt":"2022-08-04T02:13:37","guid":{"rendered":"https:\/\/benningcc.com\/director-de-proyectos\/"},"modified":"2022-08-11T14:30:18","modified_gmt":"2022-08-11T14:30:18","slug":"director-de-proyectos","status":"publish","type":"page","link":"https:\/\/benningcc.com\/es\/director-de-proyectos\/","title":{"rendered":"Director de proyectos"},"content":{"rendered":"<div class=\"wysiwyg-block\">\n    <div class=\"grid-container\">\n        <div class=\"grid-x grid-padding-x\">\n            <div class=\"cell small-8\">\n                <h1>Director de proyectos<\/h1>\n<p>&nbsp;<\/p>\n<p>Tipo de trabajo: Tiempo completo<\/p>\n<h5><\/h5>\n<p>&nbsp;<\/p>\n<h5><strong>FUNCI\u00d3N PRINCIPAL:<\/strong><\/h5>\n<p>El director de proyecto se encarga de la direcci\u00f3n general de los proyectos comerciales y es responsable de la interfaz con el cliente, la determinaci\u00f3n del alcance del proyecto, la estimaci\u00f3n, la programaci\u00f3n, la supervisi\u00f3n de la seguridad, el control de los costes y del progreso, la gesti\u00f3n y los informes del proyecto. Los Directores de Proyecto exitosos tambi\u00e9n son capaces de desarrollar un s\u00f3lido equipo de proyecto, incluyendo superintendentes y subcontratistas cualificados para futuros proyectos.<\/p>\n<p>&nbsp;<\/p>\n<h5><strong>RESPONSABILIDADES\/FUNCIONES T\u00cdPICAS:<\/strong><\/h5>\n<p>Las responsabilidades y obligaciones t\u00edpicas del director de proyecto incluyen, entre otras, las siguientes<\/p>\n<ul>\n<li>Garantizar que los proyectos se completen de acuerdo con el dise\u00f1o, el presupuesto y el calendario.<\/li>\n<li>Tener una gran capacidad de gesti\u00f3n y resoluci\u00f3n de conflictos.<\/li>\n<li>Representar profesionalmente a Benning Construction Company como interfaz principal con los propietarios, arquitectos e ingenieros.<\/li>\n<li>Emplear una gran capacidad de resoluci\u00f3n de problemas y de toma de decisiones.<\/li>\n<li>Aplicar el an\u00e1lisis continuo a los proyectos y realizar los ajustes necesarios.<\/li>\n<li>Mantener la objetividad profesional en todos los proyectos.<\/li>\n<li>Revisar todas las solicitudes de compra del proyecto y las solicitudes de cambio.<\/li>\n<li>Mantener los registros oficiales del proyecto y los archivos de documentaci\u00f3n.<\/li>\n<li>Motivar, animar, orientar y formar al personal de forma que se consiga un alto rendimiento y el crecimiento general de Benning Construction Company.<\/li>\n<li>Adherirse y promover el Programa de Seguridad de Benning Construction Company.<\/li>\n<li>Realizar tareas adicionales seg\u00fan la direcci\u00f3n de la empresa.<\/li>\n<li>Poseer conocimientos sobre la construcci\u00f3n comercial desde la fase previa a la construcci\u00f3n hasta su finalizaci\u00f3n.<\/li>\n<li>Visitas a lugares que requieran viajar por el SE (AL, GA, FL, NC, SC, TN)<\/li>\n<li>Garantizar que toda la documentaci\u00f3n se complete a tiempo y se comunique con las partes adecuadas a lo largo del proyecto<\/li>\n<li>Comunicar, organizar y planificar eficazmente<\/li>\n<\/ul>\n<p>&nbsp;<\/p>\n<h5><strong>CONOCIMIENTOS, COMPETENCIAS Y CUALIFICACIONES:<\/strong><\/h5>\n<ul>\n<li>Capacidad para elaborar un calendario para todo tipo de proyectos de edificios comerciales, incluidos los de venta al por menor, educaci\u00f3n, sanidad, edificios de oficinas, tiendas de comestibles, teatros, interiores, etc., con un valor contractual superior a 10 millones de d\u00f3lares.<\/li>\n<li>Capacidad para crear una estimaci\u00f3n de costes desglosada en mano de obra\/equipo, material y equipo para sistemas y componentes civiles, estructurales y arquitect\u00f3nicos.<\/li>\n<li>Conocimiento de los contratistas y proveedores adecuados para todo tipo de proyectos<\/li>\n<li>Licenciatura y\/o m\u00e1s de 10 a\u00f1os en el sector de la construcci\u00f3n comercial<\/li>\n<li>Dominio de programas inform\u00e1ticos (Microsoft Office Suite, software de estimaci\u00f3n, etc.)<\/li>\n<li>Titulaci\u00f3n en un campo relacionado con la construcci\u00f3n (gesti\u00f3n de la construcci\u00f3n, ingenier\u00eda civil, etc.) o experiencia equivalente<\/li>\n<li>Atenci\u00f3n al detalle<\/li>\n<\/ul>\n<p>&nbsp;<\/p>\n<p><strong>LA EMPRESA DE CONSTRUCCI\u00d3N BENNING PARTICIPA EN EL LUGAR DE TRABAJO LIBRE DE DROGAS DE GEORGIA. LOS CANDIDATOS CUALIFICADOS DEBEN PASAR UN CONTROL DE DROGAS PREVIO A LA CONTRATACI\u00d3N.<\/strong><\/p>\n<p><em>Benning ofrece salarios competitivos, oportunidades de progreso, longevidad y estabilidad, excelentes paquetes de seguro m\u00e9dico, vacaciones y d\u00edas festivos pagados, 401(k), propiedad de acciones de los empleados, y es 100% propiedad de los empleados.<\/em><\/p>\n            <\/div>\n        <\/div>\n    <\/div>\n    <div class=\"grid-container\">\n        <div class=\"grid-x grid-padding-x\">\n            <div class=\"cell small-12\">\n                \n                    <span class=\"social-share__prefix-title\">Share:<\/span>\n                    <ul id=\"social-share\">\n                        <li>\n                            <a href=\"http:\/\/www.linkedin.com\/shareArticle?mini=true&amp;url=https%3A%2F%2Fbenningcc.com%2Fes%2Fdirector-de-proyectos%2F\" target=\"_blank\" class=\"linkedin\"><i class=\"fa-brands fa-linkedin-in\"><\/i><\/a>\n                        <\/li>\n                        <li>\n                            <a href=\"https:\/\/www.facebook.com\/sharer.php?u=https%3A%2F%2Fbenningcc.com%2Fes%2Fdirector-de-proyectos%2F\" target=\"_blank\" class=\"facebook\"><i class=\"fa-brands fa-facebook-f\"><\/i><\/a>\n                        <\/li>\n                        <li>\n                            <a href=\"https:\/\/twitter.com\/intent\/tweet?text=Director%20de%20proyectos&amp;url=https%3A%2F%2Fbenningcc.com%2Fes%2Fdirector-de-proyectos%2F&amp;via=YOUR_TWITTER_HANDLE_HERE\" target=\"_blank\" class=\"twitter\"><i class=\"fa-brands fa-twitter\"><\/i><\/a>\n                        <\/li>\n                    <\/ul>            <\/div>\n        <\/div>\n    <\/div>\n<\/div>\n\n\n<div class=\"form-block\">\n    <div class=\"grid-container\">\n        <div class=\"grid-x grid-padding-x form-block__row\">\n            <div class=\"cell small-12 medium-8 large-4 form-block__heading-cell\">\n                                    <h3 class=\"form-block__heading font-color-blue\">Solicite este puesto<\/h3>\n                            <\/div>\n            <div class=\"cell small-12 medium-8 large-6 large-offset-1 form-block__form-cell\"><script type=\"text\/javascript\">var gform;gform||(document.addEventListener(\"gform_main_scripts_loaded\",function(){gform.scriptsLoaded=!0}),window.addEventListener(\"DOMContentLoaded\",function(){gform.domLoaded=!0}),gform={domLoaded:!1,scriptsLoaded:!1,initializeOnLoaded:function(o){gform.domLoaded&&gform.scriptsLoaded?o():!gform.domLoaded&&gform.scriptsLoaded?window.addEventListener(\"DOMContentLoaded\",o):document.addEventListener(\"gform_main_scripts_loaded\",o)},hooks:{action:{},filter:{}},addAction:function(o,n,r,t){gform.addHook(\"action\",o,n,r,t)},addFilter:function(o,n,r,t){gform.addHook(\"filter\",o,n,r,t)},doAction:function(o){gform.doHook(\"action\",o,arguments)},applyFilters:function(o){return gform.doHook(\"filter\",o,arguments)},removeAction:function(o,n){gform.removeHook(\"action\",o,n)},removeFilter:function(o,n,r){gform.removeHook(\"filter\",o,n,r)},addHook:function(o,n,r,t,i){null==gform.hooks[o][n]&&(gform.hooks[o][n]=[]);var e=gform.hooks[o][n];null==i&&(i=n+\"_\"+e.length),gform.hooks[o][n].push({tag:i,callable:r,priority:t=null==t?10:t})},doHook:function(n,o,r){var t;if(r=Array.prototype.slice.call(r,1),null!=gform.hooks[n][o]&&((o=gform.hooks[n][o]).sort(function(o,n){return o.priority-n.priority}),o.forEach(function(o){\"function\"!=typeof(t=o.callable)&&(t=window[t]),\"action\"==n?t.apply(null,r):r[0]=t.apply(null,r)})),\"filter\"==n)return r[0]},removeHook:function(o,n,t,i){var r;null!=gform.hooks[o][n]&&(r=(r=gform.hooks[o][n]).filter(function(o,n,r){return!!(null!=i&&i!=o.tag||null!=t&&t!=o.priority)}),gform.hooks[o][n]=r)}});<\/script>\n                <div class='gf_browser_gecko gform_wrapper gravity-theme gform-theme--no-framework' data-form-theme='gravity-theme' data-form-index='0' id='gform_wrapper_4' ><form method='post' enctype='multipart\/form-data' target='gform_ajax_frame_4' id='gform_4'  action='\/es\/wp-json\/wp\/v2\/pages\/3292' data-formid='4' novalidate>\n                        <div class='gform-body gform_body'><div id='gform_fields_4' class='gform_fields top_label form_sublabel_below description_below'><fieldset id=\"field_4_1\"  class=\"gfield gfield--type-name field_sublabel_hidden_label gfield--no-description field_description_below hidden_label gfield_visibility_visible\"  data-js-reload=\"field_4_1\"><legend class='gfield_label gform-field-label gfield_label_before_complex'  >Nombre<\/legend><div class='ginput_complex ginput_container ginput_container--name no_prefix has_first_name no_middle_name has_last_name no_suffix gf_name_has_2 ginput_container_name gform-grid-row' id='input_4_1'>\n                            \n                            <span id='input_4_1_3_container' class='name_first gform-grid-col gform-grid-col--size-auto' >\n                                                    <input type='text' name='input_1.3' id='input_4_1_3' value=''   aria-required='false'   placeholder='Primer nombre'  \/>\n                                                    <label for='input_4_1_3' class='gform-field-label gform-field-label--type-sub hidden_sub_label screen-reader-text'>Primer nombre<\/label>\n                                                <\/span>\n                            \n                            <span id='input_4_1_6_container' class='name_last gform-grid-col gform-grid-col--size-auto' >\n                                                    <input type='text' name='input_1.6' id='input_4_1_6' value=''   aria-required='false'   placeholder='Apellido'  \/>\n                                                    <label for='input_4_1_6' class='gform-field-label gform-field-label--type-sub hidden_sub_label screen-reader-text'>Apellido<\/label>\n                                                <\/span>\n                            \n                        <\/div><\/fieldset><div id=\"field_4_2\"  class=\"gfield gfield--type-email gfield--width-half field_sublabel_below gfield--no-description field_description_below hidden_label gfield_visibility_visible\"  data-js-reload=\"field_4_2\"><label class='gfield_label gform-field-label' for='input_4_2' >Correo electr\u00f3nico<\/label><div class='ginput_container ginput_container_email'>\n                            <input name='input_2' id='input_4_2' type='email' value='' class='large'   placeholder='Correo electr\u00f3nico'  aria-invalid=\"false\"  \/>\n                        <\/div><\/div><div id=\"field_4_3\"  class=\"gfield gfield--type-phone gfield--width-half field_sublabel_below gfield--no-description field_description_below hidden_label gfield_visibility_visible\"  data-js-reload=\"field_4_3\"><label class='gfield_label gform-field-label' for='input_4_3' >Tel\u00e9fono<\/label><div class='ginput_container ginput_container_phone'><input name='input_3' id='input_4_3' type='tel' value='' class='large'  placeholder='Tel\u00e9fono'  aria-invalid=\"false\"   \/><\/div><\/div><div id=\"field_4_4\"  class=\"gfield gfield--type-fileupload gfield--width-full field_sublabel_below gfield--has-description field_description_below gfield_visibility_visible\"  data-js-reload=\"field_4_4\"><label class='gfield_label gform-field-label' for='input_4_4' >Adjuntar curriculum vitae<\/label><div class='ginput_container ginput_container_fileupload'><input type='hidden' name='MAX_FILE_SIZE' value='268435456' \/><input name='input_4' id='input_4_4' type='file' class='large' aria-describedby=\"gfield_upload_rules_4_4 gfield_description_4_4\" onchange='javascript:gformValidateFileSize( this, 268435456 );'  \/><span class='gfield_description gform_fileupload_rules' id='gfield_upload_rules_4_4'>Tipos de archivos aceptados: pdf, doc, docx, Tama\u00f1o m\u00e1ximo de archivo: 256 MB.<\/span><div class='gfield_description validation_message gfield_validation_message validation_message--hidden-on-empty' id='live_validation_message_4_4'><\/div><\/div><div class='gfield_description' id='gfield_description_4_4'>Tipos de archivos permitidos: .pdf .doc .docx<\/div><\/div><fieldset id=\"field_4_5\"  class=\"gfield gfield--type-checkbox gfield--type-choice gfield--width-full field_sublabel_below gfield--no-description field_description_below hidden_label gfield_visibility_visible\"  data-js-reload=\"field_4_5\"><legend class='gfield_label gform-field-label gfield_label_before_complex'  >Al utilizar este formulario, usted acepta el almacenamiento y manejo de sus datos por parte de este sitio web.<\/legend><div class='ginput_container ginput_container_checkbox'><div class='gfield_checkbox' id='input_4_5'><div class='gchoice gchoice_4_5_1'>\n\t\t\t\t\t\t\t\t<input class='gfield-choice-input' name='input_5.1' type='checkbox'  value='Al utilizar este formulario, usted acepta el almacenamiento y manejo de sus datos por parte de este sitio web.'  id='choice_4_5_1'   \/>\n\t\t\t\t\t\t\t\t<label for='choice_4_5_1' id='label_4_5_1' class='gform-field-label gform-field-label--type-inline'>Al utilizar este formulario, usted acepta el almacenamiento y manejo de sus datos por parte de este sitio web.<\/label>\n\t\t\t\t\t\t\t<\/div><\/div><\/div><\/fieldset><div id=\"field_4_6\"  class=\"gfield gfield--type-hidden gfield--width-full gform_hidden field_sublabel_below gfield--no-description field_description_below gfield_visibility_visible\"  data-js-reload=\"field_4_6\"><div class='ginput_container ginput_container_text'><input name='input_6' id='input_4_6' type='hidden' class='gform_hidden'  aria-invalid=\"false\" value='https:\/\/benningcc.com\/es\/wp-json\/wp\/v2\/pages\/3292' \/><\/div><\/div><div id=\"field_4_7\"  class=\"gfield gfield--type-honeypot gform_validation_container field_sublabel_below gfield--has-description field_description_below gfield_visibility_visible\"  data-js-reload=\"field_4_7\"><label class='gfield_label gform-field-label' for='input_4_7' >Name<\/label><div class='ginput_container'><input name='input_7' id='input_4_7' type='text' value='' autocomplete='new-password'\/><\/div><div class='gfield_description' id='gfield_description_4_7'>Este campo es un campo de validaci\u00f3n y debe quedar sin cambios.<\/div><\/div><\/div><\/div>\n        <div class='gform_footer top_label'> <button type='submit' id='gform_submit_button_4' class='gform_button button' value='Enviar'  onclick='if(window[\"gf_submitting_4\"]){return false;}  if( !jQuery(\"#gform_4\")[0].checkValidity || jQuery(\"#gform_4\")[0].checkValidity()){window[\"gf_submitting_4\"]=true;}  ' onkeypress='if( event.keyCode == 13 ){ if(window[\"gf_submitting_4\"]){return false;} if( !jQuery(\"#gform_4\")[0].checkValidity || jQuery(\"#gform_4\")[0].checkValidity()){window[\"gf_submitting_4\"]=true;}  jQuery(\"#gform_4\").trigger(\"submit\",[true]); }' >Enviar<\/button> <input type='hidden' name='gform_ajax' value='form_id=4&amp;title=&amp;description=&amp;tabindex=0' \/>\n            <input type='hidden' class='gform_hidden' name='is_submit_4' value='1' \/>\n            <input type='hidden' class='gform_hidden' name='gform_submit' value='4' \/>\n            \n            <input type='hidden' class='gform_hidden' name='gform_unique_id' value='' \/>\n            <input type='hidden' class='gform_hidden' name='state_4' value='WyJbXSIsImJhYWFiYmE3M2JmYjUzNDQyMDRhZTgyZGYyYWU5YTQzIl0=' \/>\n            <input type='hidden' class='gform_hidden' name='gform_target_page_number_4' id='gform_target_page_number_4' value='0' \/>\n            <input type='hidden' class='gform_hidden' name='gform_source_page_number_4' id='gform_source_page_number_4' value='1' \/>\n            <input type='hidden' name='gform_field_values' value='' \/>\n            \n        <\/div>\n                        <\/form>\n                        <\/div>\n\t\t                <iframe style='display:none;width:0px;height:0px;' src='about:blank' name='gform_ajax_frame_4' id='gform_ajax_frame_4' title='Este iframe contiene la l\u00f3gica necesaria para gestionar formularios con ajax activado.'><\/iframe>\n\t\t                <script>\ngform.initializeOnLoaded( function() {gformInitSpinner( 4, 'https:\/\/benningcc.com\/wp-content\/plugins\/gravityforms\/images\/spinner.svg', true );jQuery('#gform_ajax_frame_4').on('load',function(){var contents = jQuery(this).contents().find('*').html();var is_postback = contents.indexOf('GF_AJAX_POSTBACK') >= 0;if(!is_postback){return;}var form_content = jQuery(this).contents().find('#gform_wrapper_4');var is_confirmation = jQuery(this).contents().find('#gform_confirmation_wrapper_4').length > 0;var is_redirect = contents.indexOf('gformRedirect(){') >= 0;var is_form = form_content.length > 0 && ! is_redirect && ! is_confirmation;var mt = parseInt(jQuery('html').css('margin-top'), 10) + parseInt(jQuery('body').css('margin-top'), 10) + 100;if(is_form){jQuery('#gform_wrapper_4').html(form_content.html());if(form_content.hasClass('gform_validation_error')){jQuery('#gform_wrapper_4').addClass('gform_validation_error');} else {jQuery('#gform_wrapper_4').removeClass('gform_validation_error');}setTimeout( function() { \/* delay the scroll by 50 milliseconds to fix a bug in chrome *\/  }, 50 );if(window['gformInitDatepicker']) {gformInitDatepicker();}if(window['gformInitPriceFields']) {gformInitPriceFields();}var current_page = jQuery('#gform_source_page_number_4').val();gformInitSpinner( 4, 'https:\/\/benningcc.com\/wp-content\/plugins\/gravityforms\/images\/spinner.svg', true );jQuery(document).trigger('gform_page_loaded', [4, current_page]);window['gf_submitting_4'] = false;}else if(!is_redirect){var confirmation_content = jQuery(this).contents().find('.GF_AJAX_POSTBACK').html();if(!confirmation_content){confirmation_content = contents;}setTimeout(function(){jQuery('#gform_wrapper_4').replaceWith(confirmation_content);jQuery(document).trigger('gform_confirmation_loaded', [4]);window['gf_submitting_4'] = false;wp.a11y.speak(jQuery('#gform_confirmation_message_4').text());}, 50);}else{jQuery('#gform_4').append(contents);if(window['gformRedirect']) {gformRedirect();}}jQuery(document).trigger('gform_post_render', [4, current_page]);gform.utils.trigger({ event: 'gform\/postRender', native: false, data: { formId: 4, currentPage: current_page } });} );} );\n<\/script>\n<\/div>\n        <\/div>\n    <\/div>\n<\/div>\n\n\n","protected":false},"excerpt":{"rendered":"","protected":false},"author":2,"featured_media":0,"parent":0,"menu_order":0,"comment_status":"closed","ping_status":"closed","template":"","meta":{"content-type":"","footnotes":""},"class_list":["post-3292","page","type-page","status-publish","hentry"],"acf":[],"yoast_head":"<!-- This site is optimized with the Yoast SEO plugin v27.4 - https:\/\/yoast.com\/product\/yoast-seo-wordpress\/ -->\n<title>Director de proyectos - Benning Construction<\/title>\n<meta name=\"robots\" content=\"index, follow, max-snippet:-1, max-image-preview:large, max-video-preview:-1\" \/>\n<link rel=\"canonical\" href=\"https:\/\/benningcc.com\/es\/director-de-proyectos\/\" \/>\n<meta property=\"og:locale\" content=\"es_ES\" \/>\n<meta property=\"og:type\" content=\"article\" \/>\n<meta property=\"og:title\" content=\"Director de proyectos - Benning Construction\" \/>\n<meta property=\"og:url\" content=\"https:\/\/benningcc.com\/es\/director-de-proyectos\/\" \/>\n<meta property=\"og:site_name\" content=\"Benning Construction\" \/>\n<meta property=\"article:modified_time\" content=\"2022-08-11T14:30:18+00:00\" \/>\n<meta name=\"twitter:card\" content=\"summary_large_image\" \/>\n<script type=\"application\/ld+json\" class=\"yoast-schema-graph\">{\"@context\":\"https:\\\/\\\/schema.org\",\"@graph\":[{\"@type\":\"WebPage\",\"@id\":\"https:\\\/\\\/benningcc.com\\\/es\\\/director-de-proyectos\\\/\",\"url\":\"https:\\\/\\\/benningcc.com\\\/es\\\/director-de-proyectos\\\/\",\"name\":\"Director de proyectos - Benning Construction\",\"isPartOf\":{\"@id\":\"https:\\\/\\\/benningcc.com\\\/#website\"},\"datePublished\":\"2022-08-04T02:13:37+00:00\",\"dateModified\":\"2022-08-11T14:30:18+00:00\",\"breadcrumb\":{\"@id\":\"https:\\\/\\\/benningcc.com\\\/es\\\/director-de-proyectos\\\/#breadcrumb\"},\"inLanguage\":\"es\",\"potentialAction\":[{\"@type\":\"ReadAction\",\"target\":[\"https:\\\/\\\/benningcc.com\\\/es\\\/director-de-proyectos\\\/\"]}]},{\"@type\":\"BreadcrumbList\",\"@id\":\"https:\\\/\\\/benningcc.com\\\/es\\\/director-de-proyectos\\\/#breadcrumb\",\"itemListElement\":[{\"@type\":\"ListItem\",\"position\":1,\"name\":\"Home\",\"item\":\"https:\\\/\\\/benningcc.com\\\/es\\\/\"},{\"@type\":\"ListItem\",\"position\":2,\"name\":\"Director de proyectos\"}]},{\"@type\":\"WebSite\",\"@id\":\"https:\\\/\\\/benningcc.com\\\/#website\",\"url\":\"https:\\\/\\\/benningcc.com\\\/\",\"name\":\"Benning Construction\",\"description\":\"Our Boots Build Stories\",\"publisher\":{\"@id\":\"https:\\\/\\\/benningcc.com\\\/#organization\"},\"potentialAction\":[{\"@type\":\"SearchAction\",\"target\":{\"@type\":\"EntryPoint\",\"urlTemplate\":\"https:\\\/\\\/benningcc.com\\\/?s={search_term_string}\"},\"query-input\":{\"@type\":\"PropertyValueSpecification\",\"valueRequired\":true,\"valueName\":\"search_term_string\"}}],\"inLanguage\":\"es\"},{\"@type\":\"Organization\",\"@id\":\"https:\\\/\\\/benningcc.com\\\/#organization\",\"name\":\"Benning Construction\",\"url\":\"https:\\\/\\\/benningcc.com\\\/\",\"logo\":{\"@type\":\"ImageObject\",\"inLanguage\":\"es\",\"@id\":\"https:\\\/\\\/benningcc.com\\\/#\\\/schema\\\/logo\\\/image\\\/\",\"url\":\"https:\\\/\\\/benningcc.com\\\/wp-content\\\/uploads\\\/2022\\\/05\\\/short-logo.svg\",\"contentUrl\":\"https:\\\/\\\/benningcc.com\\\/wp-content\\\/uploads\\\/2022\\\/05\\\/short-logo.svg\",\"caption\":\"Benning Construction\"},\"image\":{\"@id\":\"https:\\\/\\\/benningcc.com\\\/#\\\/schema\\\/logo\\\/image\\\/\"}}]}<\/script>\n<!-- \/ Yoast SEO plugin. -->","yoast_head_json":{"title":"Director de proyectos - Benning Construction","robots":{"index":"index","follow":"follow","max-snippet":"max-snippet:-1","max-image-preview":"max-image-preview:large","max-video-preview":"max-video-preview:-1"},"canonical":"https:\/\/benningcc.com\/es\/director-de-proyectos\/","og_locale":"es_ES","og_type":"article","og_title":"Director de proyectos - Benning Construction","og_url":"https:\/\/benningcc.com\/es\/director-de-proyectos\/","og_site_name":"Benning Construction","article_modified_time":"2022-08-11T14:30:18+00:00","twitter_card":"summary_large_image","schema":{"@context":"https:\/\/schema.org","@graph":[{"@type":"WebPage","@id":"https:\/\/benningcc.com\/es\/director-de-proyectos\/","url":"https:\/\/benningcc.com\/es\/director-de-proyectos\/","name":"Director de proyectos - Benning Construction","isPartOf":{"@id":"https:\/\/benningcc.com\/#website"},"datePublished":"2022-08-04T02:13:37+00:00","dateModified":"2022-08-11T14:30:18+00:00","breadcrumb":{"@id":"https:\/\/benningcc.com\/es\/director-de-proyectos\/#breadcrumb"},"inLanguage":"es","potentialAction":[{"@type":"ReadAction","target":["https:\/\/benningcc.com\/es\/director-de-proyectos\/"]}]},{"@type":"BreadcrumbList","@id":"https:\/\/benningcc.com\/es\/director-de-proyectos\/#breadcrumb","itemListElement":[{"@type":"ListItem","position":1,"name":"Home","item":"https:\/\/benningcc.com\/es\/"},{"@type":"ListItem","position":2,"name":"Director de proyectos"}]},{"@type":"WebSite","@id":"https:\/\/benningcc.com\/#website","url":"https:\/\/benningcc.com\/","name":"Benning Construction","description":"Our Boots Build Stories","publisher":{"@id":"https:\/\/benningcc.com\/#organization"},"potentialAction":[{"@type":"SearchAction","target":{"@type":"EntryPoint","urlTemplate":"https:\/\/benningcc.com\/?s={search_term_string}"},"query-input":{"@type":"PropertyValueSpecification","valueRequired":true,"valueName":"search_term_string"}}],"inLanguage":"es"},{"@type":"Organization","@id":"https:\/\/benningcc.com\/#organization","name":"Benning Construction","url":"https:\/\/benningcc.com\/","logo":{"@type":"ImageObject","inLanguage":"es","@id":"https:\/\/benningcc.com\/#\/schema\/logo\/image\/","url":"https:\/\/benningcc.com\/wp-content\/uploads\/2022\/05\/short-logo.svg","contentUrl":"https:\/\/benningcc.com\/wp-content\/uploads\/2022\/05\/short-logo.svg","caption":"Benning Construction"},"image":{"@id":"https:\/\/benningcc.com\/#\/schema\/logo\/image\/"}}]}},"featured_image_src":null,"featured_image_src_square":null,"_links":{"self":[{"href":"https:\/\/benningcc.com\/es\/wp-json\/wp\/v2\/pages\/3292","targetHints":{"allow":["GET"]}}],"collection":[{"href":"https:\/\/benningcc.com\/es\/wp-json\/wp\/v2\/pages"}],"about":[{"href":"https:\/\/benningcc.com\/es\/wp-json\/wp\/v2\/types\/page"}],"author":[{"embeddable":true,"href":"https:\/\/benningcc.com\/es\/wp-json\/wp\/v2\/users\/2"}],"replies":[{"embeddable":true,"href":"https:\/\/benningcc.com\/es\/wp-json\/wp\/v2\/comments?post=3292"}],"version-history":[{"count":0,"href":"https:\/\/benningcc.com\/es\/wp-json\/wp\/v2\/pages\/3292\/revisions"}],"wp:attachment":[{"href":"https:\/\/benningcc.com\/es\/wp-json\/wp\/v2\/media?parent=3292"}],"curies":[{"name":"wp","href":"https:\/\/api.w.org\/{rel}","templated":true}]}}