{"id":3296,"date":"2022-06-06T17:58:10","date_gmt":"2022-06-06T17:58:10","guid":{"rendered":"https:\/\/benningcc.com\/seguridad\/"},"modified":"2022-08-11T14:31:15","modified_gmt":"2022-08-11T14:31:15","slug":"seguridad","status":"publish","type":"page","link":"https:\/\/benningcc.com\/es\/seguridad\/","title":{"rendered":"Seguridad"},"content":{"rendered":"<div class=\"content-seven\">\n    <div class=\"grid-container\">\n                                <div class=\"grid-x grid-padding-x content-seven__content-row\">\n                <div class=\"small-12 large-8 large-offset-2 cell\">\n                                            <h2 class=\"content-seven__heading font-color-blue font-weight-medium\">Seguridad<\/h2>\n                                                                <p>La seguridad de los clientes de nuestros clientes, de los peatones y de nuestras propias fuerzas es de suma importancia, no negociable, para Benning Construction Company.<\/p>\n<p>Aproximadamente un tercio de nuestro trabajo se realiza en edificios ocupados y en funcionamiento. El riesgo potencial es asombroso. No obstante, en los \u00faltimos diez (10) a\u00f1os nuestra empresa ha obtenido una tasa de RME de seguros un 20% inferior (.81) a la norma del sector (1). Esto significa que nuestro programa de seguridad funciona y protege sus activos.<\/p>\n<p>Bajo la direcci\u00f3n de un profesional de la seguridad dedicado a tiempo completo, todos los empleados de Benning, desde el Presidente hasta el trabajador m\u00e1s reciente, reciben formaci\u00f3n en casi una docena de temas de seguridad. Adem\u00e1s, todos los directores de proyecto y los superintendentes cuentan con las certificaciones OSHA 10\/30 horas y de primeros auxilios\/RCP, adem\u00e1s de las certificaciones espec\u00edficas de cada tarea.<\/p>\n<p>Nuestro Director de Seguridad administra nuestro programa de Lugar de Trabajo Libre de Drogas y escribe el bolet\u00edn mensual de seguridad de Benning, BCC Safety Gram, una herramienta utilizada para dirigir nuestras reuniones semanales de seguridad en todo el lugar de trabajo.<\/p>\n<p>Conseguir un promedio de 183.000 horas de trabajo al a\u00f1o en el campo y mantener la seguridad de todos es un logro reconocido por nuestros colegas del sector desde 1975.<\/p>\n                                    <\/div>\n            <\/div>\n                        <\/div>\n<\/div>\n\n","protected":false},"excerpt":{"rendered":"","protected":false},"author":2,"featured_media":0,"parent":0,"menu_order":0,"comment_status":"closed","ping_status":"closed","template":"","meta":{"content-type":"","footnotes":""},"class_list":["post-3296","page","type-page","status-publish","hentry"],"acf":[],"yoast_head":"<!-- This site is optimized with the Yoast SEO plugin v27.4 - https:\/\/yoast.com\/product\/yoast-seo-wordpress\/ -->\n<title>Seguridad - Benning Construction<\/title>\n<meta name=\"robots\" content=\"index, follow, max-snippet:-1, max-image-preview:large, max-video-preview:-1\" \/>\n<link rel=\"canonical\" href=\"https:\/\/benningcc.com\/es\/seguridad\/\" \/>\n<meta property=\"og:locale\" content=\"es_ES\" \/>\n<meta property=\"og:type\" content=\"article\" \/>\n<meta property=\"og:title\" content=\"Seguridad - Benning Construction\" \/>\n<meta property=\"og:url\" content=\"https:\/\/benningcc.com\/es\/seguridad\/\" \/>\n<meta property=\"og:site_name\" content=\"Benning Construction\" \/>\n<meta property=\"article:modified_time\" content=\"2022-08-11T14:31:15+00:00\" \/>\n<meta name=\"twitter:card\" content=\"summary_large_image\" \/>\n<script type=\"application\/ld+json\" class=\"yoast-schema-graph\">{\"@context\":\"https:\\\/\\\/schema.org\",\"@graph\":[{\"@type\":\"WebPage\",\"@id\":\"https:\\\/\\\/benningcc.com\\\/es\\\/seguridad\\\/\",\"url\":\"https:\\\/\\\/benningcc.com\\\/es\\\/seguridad\\\/\",\"name\":\"Seguridad - Benning Construction\",\"isPartOf\":{\"@id\":\"https:\\\/\\\/benningcc.com\\\/#website\"},\"datePublished\":\"2022-06-06T17:58:10+00:00\",\"dateModified\":\"2022-08-11T14:31:15+00:00\",\"breadcrumb\":{\"@id\":\"https:\\\/\\\/benningcc.com\\\/es\\\/seguridad\\\/#breadcrumb\"},\"inLanguage\":\"es\",\"potentialAction\":[{\"@type\":\"ReadAction\",\"target\":[\"https:\\\/\\\/benningcc.com\\\/es\\\/seguridad\\\/\"]}]},{\"@type\":\"BreadcrumbList\",\"@id\":\"https:\\\/\\\/benningcc.com\\\/es\\\/seguridad\\\/#breadcrumb\",\"itemListElement\":[{\"@type\":\"ListItem\",\"position\":1,\"name\":\"Home\",\"item\":\"https:\\\/\\\/benningcc.com\\\/es\\\/\"},{\"@type\":\"ListItem\",\"position\":2,\"name\":\"Seguridad\"}]},{\"@type\":\"WebSite\",\"@id\":\"https:\\\/\\\/benningcc.com\\\/#website\",\"url\":\"https:\\\/\\\/benningcc.com\\\/\",\"name\":\"Benning Construction\",\"description\":\"Our Boots Build Stories\",\"publisher\":{\"@id\":\"https:\\\/\\\/benningcc.com\\\/#organization\"},\"potentialAction\":[{\"@type\":\"SearchAction\",\"target\":{\"@type\":\"EntryPoint\",\"urlTemplate\":\"https:\\\/\\\/benningcc.com\\\/?s={search_term_string}\"},\"query-input\":{\"@type\":\"PropertyValueSpecification\",\"valueRequired\":true,\"valueName\":\"search_term_string\"}}],\"inLanguage\":\"es\"},{\"@type\":\"Organization\",\"@id\":\"https:\\\/\\\/benningcc.com\\\/#organization\",\"name\":\"Benning Construction\",\"url\":\"https:\\\/\\\/benningcc.com\\\/\",\"logo\":{\"@type\":\"ImageObject\",\"inLanguage\":\"es\",\"@id\":\"https:\\\/\\\/benningcc.com\\\/#\\\/schema\\\/logo\\\/image\\\/\",\"url\":\"https:\\\/\\\/benningcc.com\\\/wp-content\\\/uploads\\\/2022\\\/05\\\/short-logo.svg\",\"contentUrl\":\"https:\\\/\\\/benningcc.com\\\/wp-content\\\/uploads\\\/2022\\\/05\\\/short-logo.svg\",\"caption\":\"Benning Construction\"},\"image\":{\"@id\":\"https:\\\/\\\/benningcc.com\\\/#\\\/schema\\\/logo\\\/image\\\/\"}}]}<\/script>\n<!-- \/ Yoast SEO plugin. -->","yoast_head_json":{"title":"Seguridad - Benning Construction","robots":{"index":"index","follow":"follow","max-snippet":"max-snippet:-1","max-image-preview":"max-image-preview:large","max-video-preview":"max-video-preview:-1"},"canonical":"https:\/\/benningcc.com\/es\/seguridad\/","og_locale":"es_ES","og_type":"article","og_title":"Seguridad - Benning Construction","og_url":"https:\/\/benningcc.com\/es\/seguridad\/","og_site_name":"Benning Construction","article_modified_time":"2022-08-11T14:31:15+00:00","twitter_card":"summary_large_image","schema":{"@context":"https:\/\/schema.org","@graph":[{"@type":"WebPage","@id":"https:\/\/benningcc.com\/es\/seguridad\/","url":"https:\/\/benningcc.com\/es\/seguridad\/","name":"Seguridad - Benning Construction","isPartOf":{"@id":"https:\/\/benningcc.com\/#website"},"datePublished":"2022-06-06T17:58:10+00:00","dateModified":"2022-08-11T14:31:15+00:00","breadcrumb":{"@id":"https:\/\/benningcc.com\/es\/seguridad\/#breadcrumb"},"inLanguage":"es","potentialAction":[{"@type":"ReadAction","target":["https:\/\/benningcc.com\/es\/seguridad\/"]}]},{"@type":"BreadcrumbList","@id":"https:\/\/benningcc.com\/es\/seguridad\/#breadcrumb","itemListElement":[{"@type":"ListItem","position":1,"name":"Home","item":"https:\/\/benningcc.com\/es\/"},{"@type":"ListItem","position":2,"name":"Seguridad"}]},{"@type":"WebSite","@id":"https:\/\/benningcc.com\/#website","url":"https:\/\/benningcc.com\/","name":"Benning Construction","description":"Our Boots Build Stories","publisher":{"@id":"https:\/\/benningcc.com\/#organization"},"potentialAction":[{"@type":"SearchAction","target":{"@type":"EntryPoint","urlTemplate":"https:\/\/benningcc.com\/?s={search_term_string}"},"query-input":{"@type":"PropertyValueSpecification","valueRequired":true,"valueName":"search_term_string"}}],"inLanguage":"es"},{"@type":"Organization","@id":"https:\/\/benningcc.com\/#organization","name":"Benning Construction","url":"https:\/\/benningcc.com\/","logo":{"@type":"ImageObject","inLanguage":"es","@id":"https:\/\/benningcc.com\/#\/schema\/logo\/image\/","url":"https:\/\/benningcc.com\/wp-content\/uploads\/2022\/05\/short-logo.svg","contentUrl":"https:\/\/benningcc.com\/wp-content\/uploads\/2022\/05\/short-logo.svg","caption":"Benning Construction"},"image":{"@id":"https:\/\/benningcc.com\/#\/schema\/logo\/image\/"}}]}},"featured_image_src":null,"featured_image_src_square":null,"_links":{"self":[{"href":"https:\/\/benningcc.com\/es\/wp-json\/wp\/v2\/pages\/3296","targetHints":{"allow":["GET"]}}],"collection":[{"href":"https:\/\/benningcc.com\/es\/wp-json\/wp\/v2\/pages"}],"about":[{"href":"https:\/\/benningcc.com\/es\/wp-json\/wp\/v2\/types\/page"}],"author":[{"embeddable":true,"href":"https:\/\/benningcc.com\/es\/wp-json\/wp\/v2\/users\/2"}],"replies":[{"embeddable":true,"href":"https:\/\/benningcc.com\/es\/wp-json\/wp\/v2\/comments?post=3296"}],"version-history":[{"count":0,"href":"https:\/\/benningcc.com\/es\/wp-json\/wp\/v2\/pages\/3296\/revisions"}],"wp:attachment":[{"href":"https:\/\/benningcc.com\/es\/wp-json\/wp\/v2\/media?parent=3296"}],"curies":[{"name":"wp","href":"https:\/\/api.w.org\/{rel}","templated":true}]}}